{"id":2,"date":"2022-11-18T11:32:27","date_gmt":"2022-11-18T11:32:27","guid":{"rendered":"http:\/\/www.rodbauer.com.uy\/?page_id=2"},"modified":"2025-11-11T18:57:38","modified_gmt":"2025-11-11T18:57:38","slug":"sample-page","status":"publish","type":"page","link":"https:\/\/www.rodbauer.com.uy\/?page_id=2","title":{"rendered":"Acerca nuestro"},"content":{"rendered":"<p>&nbsp;<\/p>\n<p><span class=\"a_GcMg font-feature-liga-off font-feature-clig-off font-feature-calt-off text-decoration-none text-strikethrough-none\">Nacemos como una empresa de ingenier\u00eda creada para potenciar a aquellas compa\u00f1\u00edas con una fuerte ambici\u00f3n de crecimiento. Pensada para esos protagonistas que todos los d\u00edas apuestan por m\u00e1s, que tienen claro a d\u00f3nde quieren llegar. Estamos donde se toman decisiones, en el campo de acci\u00f3n, no mirando desde las gradas.<\/span><\/p>\n<p><span class=\"a_GcMg font-feature-liga-off font-feature-clig-off font-feature-calt-off text-decoration-none text-strikethrough-none\">Su principal cometido es el acompa\u00f1amiento de las mismas para lograr un crecimiento del negocio, buscando soluciones justas y a medida combinando la ingenier\u00eda con un profundo sentido econ\u00f3mico y comercial.<\/span><\/p>\n<p>&nbsp;<\/p>\n<p><a href=\"https:\/\/www.rodbauer.com.uy\/wp-content\/uploads\/2025\/11\/Imagen-de-WhatsApp-2025-08-06-a-las-16.03.05_4d892907.jpg\"><img loading=\"lazy\" decoding=\"async\" class=\"alignnone  wp-image-336\" src=\"https:\/\/www.rodbauer.com.uy\/wp-content\/uploads\/2025\/11\/Imagen-de-WhatsApp-2025-08-06-a-las-16.03.05_4d892907-300x169.jpg\" alt=\"\" width=\"829\" height=\"467\" srcset=\"https:\/\/www.rodbauer.com.uy\/wp-content\/uploads\/2025\/11\/Imagen-de-WhatsApp-2025-08-06-a-las-16.03.05_4d892907-300x169.jpg 300w, https:\/\/www.rodbauer.com.uy\/wp-content\/uploads\/2025\/11\/Imagen-de-WhatsApp-2025-08-06-a-las-16.03.05_4d892907-1024x576.jpg 1024w, https:\/\/www.rodbauer.com.uy\/wp-content\/uploads\/2025\/11\/Imagen-de-WhatsApp-2025-08-06-a-las-16.03.05_4d892907-768x432.jpg 768w, https:\/\/www.rodbauer.com.uy\/wp-content\/uploads\/2025\/11\/Imagen-de-WhatsApp-2025-08-06-a-las-16.03.05_4d892907-1536x864.jpg 1536w, https:\/\/www.rodbauer.com.uy\/wp-content\/uploads\/2025\/11\/Imagen-de-WhatsApp-2025-08-06-a-las-16.03.05_4d892907.jpg 1600w\" sizes=\"auto, (max-width: 829px) 100vw, 829px\" \/><\/a><\/p>\n","protected":false},"excerpt":{"rendered":"<p>&nbsp; Nacemos como una empresa de ingenier\u00eda creada para potenciar a aquellas compa\u00f1\u00edas con una fuerte ambici\u00f3n de crecimiento. Pensada para esos protagonistas que todos los d\u00edas apuestan por m\u00e1s, que tienen claro a d\u00f3nde quieren llegar. Estamos donde se toman decisiones, en el campo de acci\u00f3n, no mirando desde las gradas. Su principal cometido&hellip; <br \/> <a class=\"read-more\" href=\"https:\/\/www.rodbauer.com.uy\/?page_id=2\">Leer m\u00e1s<\/a><\/p>\n","protected":false},"author":1,"featured_media":0,"parent":0,"menu_order":1,"comment_status":"closed","ping_status":"open","template":"","meta":{"footnotes":""},"class_list":["post-2","page","type-page","status-publish","hentry"],"_links":{"self":[{"href":"https:\/\/www.rodbauer.com.uy\/index.php?rest_route=\/wp\/v2\/pages\/2","targetHints":{"allow":["GET"]}}],"collection":[{"href":"https:\/\/www.rodbauer.com.uy\/index.php?rest_route=\/wp\/v2\/pages"}],"about":[{"href":"https:\/\/www.rodbauer.com.uy\/index.php?rest_route=\/wp\/v2\/types\/page"}],"author":[{"embeddable":true,"href":"https:\/\/www.rodbauer.com.uy\/index.php?rest_route=\/wp\/v2\/users\/1"}],"replies":[{"embeddable":true,"href":"https:\/\/www.rodbauer.com.uy\/index.php?rest_route=%2Fwp%2Fv2%2Fcomments&post=2"}],"version-history":[{"count":11,"href":"https:\/\/www.rodbauer.com.uy\/index.php?rest_route=\/wp\/v2\/pages\/2\/revisions"}],"predecessor-version":[{"id":344,"href":"https:\/\/www.rodbauer.com.uy\/index.php?rest_route=\/wp\/v2\/pages\/2\/revisions\/344"}],"wp:attachment":[{"href":"https:\/\/www.rodbauer.com.uy\/index.php?rest_route=%2Fwp%2Fv2%2Fmedia&parent=2"}],"curies":[{"name":"wp","href":"https:\/\/api.w.org\/{rel}","templated":true}]}}