{"id":25,"date":"2022-11-18T17:54:58","date_gmt":"2022-11-18T17:54:58","guid":{"rendered":"http:\/\/www.rodbauer.com.uy\/?page_id=25"},"modified":"2025-11-11T18:54:57","modified_gmt":"2025-11-11T18:54:57","slug":"ing-comercial","status":"publish","type":"page","link":"https:\/\/www.rodbauer.com.uy\/?page_id=25","title":{"rendered":"Ingenier\u00eda Comercial"},"content":{"rendered":"<p><strong><em><span class=\"a_GcMg font-feature-liga-off font-feature-clig-off font-feature-calt-off text-decoration-none text-strikethrough-none\">Su principal cometido es el acompa\u00f1amiento de las mismas para lograr un crecimiento del negocio, buscando soluciones justas y a medida combinando la ingenier\u00eda con un profundo sentido econ\u00f3mico y comercial.<\/span><\/em><\/strong><\/p>\n<div>\n<p><span style=\"color: #008080;\"><strong>Gesti\u00f3n de Proyecto<\/strong><\/span><\/p>\n<div>\n<div>\n<p>Planificaci\u00f3n, ejecuci\u00f3n, <span style=\"background-color: transparent;\">control y cierre <\/span><span style=\"background-color: transparent;\">de proyectos.<\/span><\/p>\n<\/div>\n<div>\n<p>Direcci\u00f3n de Obra y representaciones t\u00e9cnicas<\/p>\n<div>\n<p><span style=\"color: #008080;\"><strong>Especificaciones<\/strong><\/span><\/p>\n<div>\n<div>\n<p>Elaboraci\u00f3n de pliegos, incluyendo memorias, <span style=\"background-color: transparent;\">planos, listado de equipos, listado de elementos y especificaciones t\u00e9cnicas<\/span><\/p>\n<\/div>\n<div>\n<p>de equipos e <span style=\"background-color: transparent;\">instalaciones de servicios industriales<\/span><\/p>\n<div>\n<div>\n<div>\n<p><strong><span style=\"color: #008080;\">Proveedores<\/span><\/strong><\/p>\n<p>B\u00fasqueda y selecci\u00f3n de proveedores adecuados al proyecto, a nivel nacional e internacional, permitiendo llegar al mejor resultado en t\u00e9rmino de costo &#8211; beneficio<\/p>\n<div>\n<p><strong><span style=\"color: #008080;\">Evaluaci\u00f3n<\/span><\/strong><\/p>\n<div>\n<div>\n<p>Evaluaci\u00f3n de ofertas desde el punto de vista t\u00e9cnico y econ\u00f3mico.<\/p>\n<\/div>\n<div>\n<p>Evaluaci\u00f3n econ\u00f3mica y financiera de proyectos<\/p>\n<p>&nbsp;<\/p>\n<\/div>\n<\/div>\n<\/div>\n<\/div>\n<\/div>\n<\/div>\n<\/div>\n<p><a href=\"https:\/\/www.rodbauer.com.uy\/wp-content\/uploads\/2025\/11\/Copia-de-www.rodbauer.com_.png\"><img loading=\"lazy\" decoding=\"async\" class=\"alignnone  wp-image-342\" src=\"https:\/\/www.rodbauer.com.uy\/wp-content\/uploads\/2025\/11\/Copia-de-www.rodbauer.com_-300x169.png\" alt=\"\" width=\"795\" height=\"448\" srcset=\"https:\/\/www.rodbauer.com.uy\/wp-content\/uploads\/2025\/11\/Copia-de-www.rodbauer.com_-300x169.png 300w, https:\/\/www.rodbauer.com.uy\/wp-content\/uploads\/2025\/11\/Copia-de-www.rodbauer.com_-1024x576.png 1024w, https:\/\/www.rodbauer.com.uy\/wp-content\/uploads\/2025\/11\/Copia-de-www.rodbauer.com_-768x432.png 768w, https:\/\/www.rodbauer.com.uy\/wp-content\/uploads\/2025\/11\/Copia-de-www.rodbauer.com_-1536x864.png 1536w, https:\/\/www.rodbauer.com.uy\/wp-content\/uploads\/2025\/11\/Copia-de-www.rodbauer.com_.png 1920w\" sizes=\"auto, (max-width: 795px) 100vw, 795px\" \/><\/a><\/p>\n<\/div>\n<\/div>\n<\/div>\n<\/div>\n<\/div>\n","protected":false},"excerpt":{"rendered":"<p>Su principal cometido es el acompa\u00f1amiento de las mismas para lograr un crecimiento del negocio, buscando soluciones justas y a medida combinando la ingenier\u00eda con un profundo sentido econ\u00f3mico y comercial. Gesti\u00f3n de Proyecto Planificaci\u00f3n, ejecuci\u00f3n, control y cierre de proyectos. Direcci\u00f3n de Obra y representaciones t\u00e9cnicas Especificaciones Elaboraci\u00f3n de pliegos, incluyendo memorias, planos, listado&hellip; <br \/> <a class=\"read-more\" href=\"https:\/\/www.rodbauer.com.uy\/?page_id=25\">Leer m\u00e1s<\/a><\/p>\n","protected":false},"author":1,"featured_media":0,"parent":0,"menu_order":2,"comment_status":"closed","ping_status":"closed","template":"","meta":{"footnotes":""},"class_list":["post-25","page","type-page","status-publish","hentry"],"_links":{"self":[{"href":"https:\/\/www.rodbauer.com.uy\/index.php?rest_route=\/wp\/v2\/pages\/25","targetHints":{"allow":["GET"]}}],"collection":[{"href":"https:\/\/www.rodbauer.com.uy\/index.php?rest_route=\/wp\/v2\/pages"}],"about":[{"href":"https:\/\/www.rodbauer.com.uy\/index.php?rest_route=\/wp\/v2\/types\/page"}],"author":[{"embeddable":true,"href":"https:\/\/www.rodbauer.com.uy\/index.php?rest_route=\/wp\/v2\/users\/1"}],"replies":[{"embeddable":true,"href":"https:\/\/www.rodbauer.com.uy\/index.php?rest_route=%2Fwp%2Fv2%2Fcomments&post=25"}],"version-history":[{"count":11,"href":"https:\/\/www.rodbauer.com.uy\/index.php?rest_route=\/wp\/v2\/pages\/25\/revisions"}],"predecessor-version":[{"id":343,"href":"https:\/\/www.rodbauer.com.uy\/index.php?rest_route=\/wp\/v2\/pages\/25\/revisions\/343"}],"wp:attachment":[{"href":"https:\/\/www.rodbauer.com.uy\/index.php?rest_route=%2Fwp%2Fv2%2Fmedia&parent=25"}],"curies":[{"name":"wp","href":"https:\/\/api.w.org\/{rel}","templated":true}]}}