{"id":27,"date":"2022-11-18T17:55:17","date_gmt":"2022-11-18T17:55:17","guid":{"rendered":"http:\/\/www.rodbauer.com.uy\/?page_id=27"},"modified":"2025-10-02T15:25:57","modified_gmt":"2025-10-02T15:25:57","slug":"ing-heavy-duty","status":"publish","type":"page","link":"https:\/\/www.rodbauer.com.uy\/?page_id=27","title":{"rendered":"Ingenier\u00eda Heavy Duty"},"content":{"rendered":"<p><a href=\"https:\/\/www.rodbauer.com.uy\/wp-content\/uploads\/2022\/11\/heavt-duty-1.jpg\"><img loading=\"lazy\" decoding=\"async\" class=\"alignnone wp-image-87 \" src=\"https:\/\/www.rodbauer.com.uy\/wp-content\/uploads\/2022\/11\/heavt-duty-1-300x204.jpg\" alt=\"\" width=\"419\" height=\"285\" srcset=\"https:\/\/www.rodbauer.com.uy\/wp-content\/uploads\/2022\/11\/heavt-duty-1-300x204.jpg 300w, https:\/\/www.rodbauer.com.uy\/wp-content\/uploads\/2022\/11\/heavt-duty-1-768x521.jpg 768w, https:\/\/www.rodbauer.com.uy\/wp-content\/uploads\/2022\/11\/heavt-duty-1.jpg 1000w\" sizes=\"auto, (max-width: 419px) 100vw, 419px\" \/><\/a><\/p>\n<p><strong>\u2013 Instalaciones el\u00e9ctricas.<\/strong><br \/>\n<strong>\u2013 Instalaciones hidr\u00e1ulicas industriales y agr\u00edcolas.<\/strong><br \/>\n<strong>\u2013 Aire comprimido.<\/strong><br \/>\n<strong>\u2013 Vapor.<\/strong><br \/>\n<strong>\u2013 Gases combustibles.<\/strong><br \/>\n<strong>\u2013 Incendio.<\/strong><br \/>\n<strong>\u2013 Otros servicios industriales como oleo-hidr\u00e1ulica y neum\u00e1tica.<\/strong><\/p>\n<p>Adem\u00e1s:<\/p>\n<p><strong>\u2013 Asistencia t\u00e9cnica para el montaje electromec\u00e1nico y puesta en marcha de instalaciones y m\u00e1quinas.<\/strong><br \/>\n<strong>\u2013 Capacitaciones t\u00e9cnicas en operaci\u00f3n y mantenimiento en la puesta en marcha.<\/strong><\/p>\n","protected":false},"excerpt":{"rendered":"<p>\u2013 Instalaciones el\u00e9ctricas. \u2013 Instalaciones hidr\u00e1ulicas industriales y agr\u00edcolas. \u2013 Aire comprimido. \u2013 Vapor. \u2013 Gases combustibles. \u2013 Incendio. \u2013 Otros servicios industriales como oleo-hidr\u00e1ulica y neum\u00e1tica. Adem\u00e1s: \u2013 Asistencia t\u00e9cnica para el montaje electromec\u00e1nico y puesta en marcha de instalaciones y m\u00e1quinas. \u2013 Capacitaciones t\u00e9cnicas en operaci\u00f3n y mantenimiento en la puesta en marcha.<\/p>\n","protected":false},"author":1,"featured_media":0,"parent":0,"menu_order":3,"comment_status":"closed","ping_status":"closed","template":"","meta":{"footnotes":""},"class_list":["post-27","page","type-page","status-publish","hentry"],"_links":{"self":[{"href":"https:\/\/www.rodbauer.com.uy\/index.php?rest_route=\/wp\/v2\/pages\/27","targetHints":{"allow":["GET"]}}],"collection":[{"href":"https:\/\/www.rodbauer.com.uy\/index.php?rest_route=\/wp\/v2\/pages"}],"about":[{"href":"https:\/\/www.rodbauer.com.uy\/index.php?rest_route=\/wp\/v2\/types\/page"}],"author":[{"embeddable":true,"href":"https:\/\/www.rodbauer.com.uy\/index.php?rest_route=\/wp\/v2\/users\/1"}],"replies":[{"embeddable":true,"href":"https:\/\/www.rodbauer.com.uy\/index.php?rest_route=%2Fwp%2Fv2%2Fcomments&post=27"}],"version-history":[{"count":12,"href":"https:\/\/www.rodbauer.com.uy\/index.php?rest_route=\/wp\/v2\/pages\/27\/revisions"}],"predecessor-version":[{"id":110,"href":"https:\/\/www.rodbauer.com.uy\/index.php?rest_route=\/wp\/v2\/pages\/27\/revisions\/110"}],"wp:attachment":[{"href":"https:\/\/www.rodbauer.com.uy\/index.php?rest_route=%2Fwp%2Fv2%2Fmedia&parent=27"}],"curies":[{"name":"wp","href":"https:\/\/api.w.org\/{rel}","templated":true}]}}