{"id":8,"date":"2022-11-18T17:38:04","date_gmt":"2022-11-18T17:38:04","guid":{"rendered":"http:\/\/www.rodbauer.com.uy\/?page_id=8"},"modified":"2024-03-01T21:34:45","modified_gmt":"2024-03-01T21:34:45","slug":"mesmerize","status":"publish","type":"page","link":"https:\/\/www.rodbauer.com.uy\/","title":{"rendered":"Bienvenidos"},"content":{"rendered":"<div  id=\"features-1\" style=\"background-color: #ffffff;\" data-label=\"Features\" data-id=\"features-16-card-bordered-mc\" data-export-id=\"features-16-card-bordered-mc\" data-category=\"features\" class=\"features-16-card-bordered-mc content-section content-section-spacing\"><div  class=\"gridContainer\"> <div  class=\"row text-center\"><div  class=\"section-title-col\" data-type=\"column\">  <h2  class=\"\">Nuestras \u00e1reas de trabajo<\/h2> <p  class=\"lead\">Con experiencia, compromiso,idoneidad y profesionalismo.<\/p><\/div> <\/div> <div  class=\"row spaced-cols center-sm content-center-sm\" data-type=\"row\"> <div  class=\"col-xs-12 col-sm-6 col-md-4\"> <div  class=\"card no-padding bordered y-move\"> <img  decoding=\"async\" class=\"face\" src=\"https:\/\/www.rodbauer.com.uy\/wp-content\/uploads\/2022\/11\/cropped-ingenieria-comercial-empresa-643x342-1.jpg\" title=\"ingenieria-comercial-empresa-643x342\" alt=\"\"> <div  data-type=\"column\" class=\"col-padding-small col-padding-small-xs description-container\"> <h4  class=\"font-500\">Ingenier\u00eda Comercial<\/h4> <p  class=\"\"><\/p><\/div> <div  data-type=\"column\" class=\"col-padding-small col-padding-small-xs read-more-container\"><a class=\"read-more\" href=\"https:\/\/www.rodbauer.com.uy?page_id=25\" target=\"_blank\" data-cp-link=\"1\" rel=\"noopener\">Ver m\u00e1s\u2026<\/a><\/div> <\/div><\/div> <div  class=\"col-xs-12 col-sm-6 col-md-4\"><div  class=\"card no-padding bordered y-move\"> <img  decoding=\"async\" class=\"face\" src=\"https:\/\/www.rodbauer.com.uy\/wp-content\/uploads\/2022\/11\/cropped-heavt-duty-1.jpg\" title=\"cropped-heavt-duty-1.jpg\" alt=\"\"> <div  data-type=\"column\" class=\"col-padding-small col-padding-small-xs description-container\"> <h4  class=\"font-500\">Ingenier\u00eda Heavy Duty<\/h4> <p  class=\"\"><\/p><\/div> <div  data-type=\"column\" class=\"col-padding-small col-padding-small-xs read-more-container\"><a class=\"read-more\" href=\"https:\/\/www.rodbauer.com.uy?page_id=27\" target=\"_blank\" data-cp-link=\"1\" rel=\"noopener\">Ver m\u00e1s\u2026<\/a><\/div> <\/div><\/div> <div  class=\"col-xs-12 col-sm-6 col-md-4\"><div  class=\"card no-padding bordered y-move\"> <img  decoding=\"async\" class=\"face\" src=\"https:\/\/www.rodbauer.com.uy\/wp-content\/themes\/highlight\/customizer\/sections\/images\/cropped-startup-849804_1920.jpg\"> <div  data-type=\"column\" class=\"col-padding-small col-padding-small-xs description-container\"> <h4  class=\"font-500\">Operaciones<\/h4> <p  class=\"\"><\/p><\/div> <div  data-type=\"column\" class=\"col-padding-small col-padding-small-xs read-more-container\"><a class=\"read-more\" href=\"https:\/\/www.rodbauer.com.uy?page_id=29\" target=\"_blank\" data-cp-link=\"1\" rel=\"noopener\">Ver m\u00e1s\u2026<\/a><\/div> <\/div><\/div> <div  class=\"col-xs-12 col-sm-6 col-md-4\"> <div  class=\"card no-padding bordered y-move\"> <img  decoding=\"async\" class=\"face\" src=\"https:\/\/www.rodbauer.com.uy\/wp-content\/uploads\/2022\/11\/cropped-ingenieria-mecanica-1-1.jpg\" title=\"cropped-ingenieria-mecanica-1-1.jpg\" alt=\"\"> <div  data-type=\"column\" class=\"col-padding-small col-padding-small-xs description-container\"> <h4  class=\"font-500\">Invenciones<\/h4> <p  class=\"\"><\/p><\/div> <div  data-type=\"column\" class=\"col-padding-small col-padding-small-xs read-more-container\"><a class=\"read-more\" href=\"https:\/\/www.rodbauer.com.uy?page_id=31\" target=\"_blank\" data-cp-link=\"1\" rel=\"noopener\">Ver m\u00e1s\u2026<\/a><\/div> <\/div><\/div><\/div><\/div> <\/div>","protected":false},"excerpt":{"rendered":"<p>Nuestras \u00e1reas de trabajo Con experiencia, compromiso,idoneidad y profesionalismo. Ingenier\u00eda Comercial Ver m\u00e1s\u2026 Ingenier\u00eda Heavy Duty Ver m\u00e1s\u2026 Operaciones Ver m\u00e1s\u2026 Invenciones Ver m\u00e1s\u2026<\/p>\n","protected":false},"author":1,"featured_media":0,"parent":0,"menu_order":0,"comment_status":"closed","ping_status":"closed","template":"page-templates\/homepage.php","meta":{"footnotes":""},"class_list":["post-8","page","type-page","status-publish","hentry"],"_links":{"self":[{"href":"https:\/\/www.rodbauer.com.uy\/index.php?rest_route=\/wp\/v2\/pages\/8","targetHints":{"allow":["GET"]}}],"collection":[{"href":"https:\/\/www.rodbauer.com.uy\/index.php?rest_route=\/wp\/v2\/pages"}],"about":[{"href":"https:\/\/www.rodbauer.com.uy\/index.php?rest_route=\/wp\/v2\/types\/page"}],"author":[{"embeddable":true,"href":"https:\/\/www.rodbauer.com.uy\/index.php?rest_route=\/wp\/v2\/users\/1"}],"replies":[{"embeddable":true,"href":"https:\/\/www.rodbauer.com.uy\/index.php?rest_route=%2Fwp%2Fv2%2Fcomments&post=8"}],"version-history":[{"count":15,"href":"https:\/\/www.rodbauer.com.uy\/index.php?rest_route=\/wp\/v2\/pages\/8\/revisions"}],"predecessor-version":[{"id":317,"href":"https:\/\/www.rodbauer.com.uy\/index.php?rest_route=\/wp\/v2\/pages\/8\/revisions\/317"}],"wp:attachment":[{"href":"https:\/\/www.rodbauer.com.uy\/index.php?rest_route=%2Fwp%2Fv2%2Fmedia&parent=8"}],"curies":[{"name":"wp","href":"https:\/\/api.w.org\/{rel}","templated":true}]}}